{"id":56,"date":"2023-06-02T13:51:29","date_gmt":"2023-06-02T05:51:29","guid":{"rendered":"http:\/\/cs-trafficsafety.com\/?page_id=56"},"modified":"2023-06-02T17:11:25","modified_gmt":"2023-06-02T09:11:25","slug":"contact","status":"publish","type":"page","link":"https:\/\/cs-trafficsafety.com\/fr\/contact\/","title":{"rendered":"CONTACT"},"content":{"rendered":"<p>Notre usine est situ\u00e9e dans la ville de Qingdao et a d\u00e9but\u00e9 en 2014, et nous fabriquons pour personnaliser le produit du produit de s\u00e9curit\u00e9 routi\u00e8re.<\/p>\n<p>Nous sommes une usine de d\u00e9veloppement de fabrication et de conception, nos principaux produits sont le ralentisseur, le coussin de vitesse, l&#039;arr\u00eat de roue, le protecteur de c\u00e2ble, la barri\u00e8re, la borne, etc. Il s&#039;agit principalement de produits en caoutchouc et en acier.<\/p>\n<p>Nous avons l&#039;\u00e9quipe de contr\u00f4le de la qualit\u00e9 s\u00e9par\u00e9ment, nous fournissons \u00e9galement des caisses en bois, des palettes en bois et des emballages de palettes en acier de diff\u00e9rentes tailles. Il peut s&#039;adapter et se ranger plus facilement selon l&#039;entrep\u00f4t du client.<\/p>\n<p>&nbsp;<\/p>\n<p>Nous garantissons \u00e9galement le bon service avec le client, ainsi que le &quot;remplacement sans excuse&quot;.<\/p>","protected":false},"excerpt":{"rendered":"<p>Notre usine est situ\u00e9e dans la ville de Qingdao et a d\u00e9marr\u00e9 en 2014, et nous fabriquons des produits personnalis\u00e9s pour le produit de s\u00e9curit\u00e9 routi\u00e8re. Nous sommes une usine de d\u00e9veloppement de fabrication et de conception, nos principaux produits sont le ralentisseur, le coussin de vitesse, la but\u00e9e de roue, le protecteur de c\u00e2ble, la barri\u00e8re, la borne, etc. Sont principalement des produits en caoutchouc et en acier. Nous avons [\u2026]<\/p>","protected":false},"author":1,"featured_media":0,"parent":0,"menu_order":0,"comment_status":"closed","ping_status":"closed","template":"page\/contact_us.php","meta":{"footnotes":""},"class_list":["post-56","page","type-page","status-publish","hentry"],"yoast_head":"<!-- This site is optimized with the Yoast SEO plugin v19.13 - https:\/\/yoast.com\/wordpress\/plugins\/seo\/ -->\n<title>CONTACT - CS Trafficsafety<\/title>\n<meta name=\"robots\" content=\"index, follow, max-snippet:-1, max-image-preview:large, max-video-preview:-1\" \/>\n<link rel=\"canonical\" href=\"https:\/\/cs-trafficsafety.com\/fr\/contact\/\" \/>\n<meta property=\"og:locale\" content=\"fr_FR\" \/>\n<meta property=\"og:type\" content=\"article\" \/>\n<meta property=\"og:title\" content=\"CONTACT - CS Trafficsafety\" \/>\n<meta property=\"og:description\" content=\"Our factory are located in Qingdao city and started in 2014 years, and we are making for customize product of the traffic safety product. We are a manufacture and design developing factory, our main products are speed bump, speed cushion, wheel stop, cable protector, barrier, bollard etc. Mainly are rubber and steel products. We have [&hellip;]\" \/>\n<meta property=\"og:url\" content=\"https:\/\/cs-trafficsafety.com\/fr\/contact\/\" \/>\n<meta property=\"og:site_name\" content=\"CS Trafficsafety\" \/>\n<meta property=\"article:modified_time\" content=\"2023-06-02T09:11:25+00:00\" \/>\n<meta name=\"twitter:card\" content=\"summary_large_image\" \/>\n<script type=\"application\/ld+json\" class=\"yoast-schema-graph\">{\"@context\":\"https:\/\/schema.org\",\"@graph\":[{\"@type\":\"WebPage\",\"@id\":\"https:\/\/cs-trafficsafety.com\/contact\/\",\"url\":\"https:\/\/cs-trafficsafety.com\/contact\/\",\"name\":\"CONTACT - CS Trafficsafety\",\"isPartOf\":{\"@id\":\"https:\/\/cs-trafficsafety.com\/#website\"},\"datePublished\":\"2023-06-02T05:51:29+00:00\",\"dateModified\":\"2023-06-02T09:11:25+00:00\",\"breadcrumb\":{\"@id\":\"https:\/\/cs-trafficsafety.com\/contact\/#breadcrumb\"},\"inLanguage\":\"fr-FR\",\"potentialAction\":[{\"@type\":\"ReadAction\",\"target\":[\"https:\/\/cs-trafficsafety.com\/contact\/\"]}]},{\"@type\":\"BreadcrumbList\",\"@id\":\"https:\/\/cs-trafficsafety.com\/contact\/#breadcrumb\",\"itemListElement\":[{\"@type\":\"ListItem\",\"position\":1,\"name\":\"Home\",\"item\":\"https:\/\/cs-trafficsafety.com\/\"},{\"@type\":\"ListItem\",\"position\":2,\"name\":\"CONTACT\"}]},{\"@type\":\"WebSite\",\"@id\":\"https:\/\/cs-trafficsafety.com\/#website\",\"url\":\"https:\/\/cs-trafficsafety.com\/\",\"name\":\"CS Trafficsafety\",\"description\":\"Safe Roads Ahead with High-Quality Traffic Safety Solutions | Your Reliable Manufacturer and Supplier\",\"potentialAction\":[{\"@type\":\"SearchAction\",\"target\":{\"@type\":\"EntryPoint\",\"urlTemplate\":\"https:\/\/cs-trafficsafety.com\/?s={search_term_string}\"},\"query-input\":\"required name=search_term_string\"}],\"inLanguage\":\"fr-FR\"}]}<\/script>\n<!-- \/ Yoast SEO plugin. -->","yoast_head_json":{"title":"CONTACT - CS Trafficsafety","robots":{"index":"index","follow":"follow","max-snippet":"max-snippet:-1","max-image-preview":"max-image-preview:large","max-video-preview":"max-video-preview:-1"},"canonical":"https:\/\/cs-trafficsafety.com\/fr\/contact\/","og_locale":"fr_FR","og_type":"article","og_title":"CONTACT - CS Trafficsafety","og_description":"Our factory are located in Qingdao city and started in 2014 years, and we are making for customize product of the traffic safety product. We are a manufacture and design developing factory, our main products are speed bump, speed cushion, wheel stop, cable protector, barrier, bollard etc. Mainly are rubber and steel products. We have [&hellip;]","og_url":"https:\/\/cs-trafficsafety.com\/fr\/contact\/","og_site_name":"CS Trafficsafety","article_modified_time":"2023-06-02T09:11:25+00:00","twitter_card":"summary_large_image","schema":{"@context":"https:\/\/schema.org","@graph":[{"@type":"WebPage","@id":"https:\/\/cs-trafficsafety.com\/contact\/","url":"https:\/\/cs-trafficsafety.com\/contact\/","name":"CONTACT - CS Trafficsafety","isPartOf":{"@id":"https:\/\/cs-trafficsafety.com\/#website"},"datePublished":"2023-06-02T05:51:29+00:00","dateModified":"2023-06-02T09:11:25+00:00","breadcrumb":{"@id":"https:\/\/cs-trafficsafety.com\/contact\/#breadcrumb"},"inLanguage":"fr-FR","potentialAction":[{"@type":"ReadAction","target":["https:\/\/cs-trafficsafety.com\/contact\/"]}]},{"@type":"BreadcrumbList","@id":"https:\/\/cs-trafficsafety.com\/contact\/#breadcrumb","itemListElement":[{"@type":"ListItem","position":1,"name":"Home","item":"https:\/\/cs-trafficsafety.com\/"},{"@type":"ListItem","position":2,"name":"CONTACT"}]},{"@type":"WebSite","@id":"https:\/\/cs-trafficsafety.com\/#website","url":"https:\/\/cs-trafficsafety.com\/","name":"CS Trafficsafety","description":"Safe Roads Ahead with High-Quality Traffic Safety Solutions | Your Reliable Manufacturer and Supplier","potentialAction":[{"@type":"SearchAction","target":{"@type":"EntryPoint","urlTemplate":"https:\/\/cs-trafficsafety.com\/?s={search_term_string}"},"query-input":"required name=search_term_string"}],"inLanguage":"fr-FR"}]}},"_links":{"self":[{"href":"https:\/\/cs-trafficsafety.com\/fr\/wp-json\/wp\/v2\/pages\/56","targetHints":{"allow":["GET"]}}],"collection":[{"href":"https:\/\/cs-trafficsafety.com\/fr\/wp-json\/wp\/v2\/pages"}],"about":[{"href":"https:\/\/cs-trafficsafety.com\/fr\/wp-json\/wp\/v2\/types\/page"}],"author":[{"embeddable":true,"href":"https:\/\/cs-trafficsafety.com\/fr\/wp-json\/wp\/v2\/users\/1"}],"replies":[{"embeddable":true,"href":"https:\/\/cs-trafficsafety.com\/fr\/wp-json\/wp\/v2\/comments?post=56"}],"version-history":[{"count":2,"href":"https:\/\/cs-trafficsafety.com\/fr\/wp-json\/wp\/v2\/pages\/56\/revisions"}],"predecessor-version":[{"id":111,"href":"https:\/\/cs-trafficsafety.com\/fr\/wp-json\/wp\/v2\/pages\/56\/revisions\/111"}],"wp:attachment":[{"href":"https:\/\/cs-trafficsafety.com\/fr\/wp-json\/wp\/v2\/media?parent=56"}],"curies":[{"name":"wp","href":"https:\/\/api.w.org\/{rel}","templated":true}]}}