{"id":106,"date":"2023-06-02T17:08:45","date_gmt":"2023-06-02T09:08:45","guid":{"rendered":"http:\/\/cs-trafficsafety.com\/?page_id=106"},"modified":"2023-06-02T17:11:56","modified_gmt":"2023-06-02T09:11:56","slug":"about-us","status":"publish","type":"page","link":"https:\/\/cs-trafficsafety.com\/es\/sobre-nosotros\/","title":{"rendered":"SOBRE NOSOTROS"},"content":{"rendered":"<p>Nuestra f\u00e1brica est\u00e1 ubicada en la ciudad de Qingdao y comenz\u00f3 en 2014 a\u00f1os, y estamos fabricando productos personalizados del producto de seguridad vial.<\/p>\n<p>Somos una f\u00e1brica en desarrollo de fabricaci\u00f3n y dise\u00f1o, nuestros productos principales son tope de velocidad, amortiguador de velocidad, tope de rueda, protector de cable, barrera, bolardo, etc. Principalmente son productos de caucho y acero.<\/p>\n<p>Tenemos el equipo de control de calidad por separado, tambi\u00e9n suministramos cajas de madera, pal\u00e9s de madera y embalajes de pal\u00e9s de acero con diferentes tama\u00f1os. Puede caber y almacenar m\u00e1s f\u00e1cilmente seg\u00fan el almac\u00e9n del cliente.<\/p>\n<p>&nbsp;<\/p>\n<p>Tambi\u00e9n garantizamos el buen servicio con el cliente, y tambi\u00e9n \u201creposici\u00f3n sin excusa\u201d.<\/p>","protected":false},"excerpt":{"rendered":"<p>Nuestra f\u00e1brica est\u00e1 ubicada en la ciudad de Qingdao y comenz\u00f3 en 2014, y estamos fabricando productos personalizados de seguridad vial. Somos una f\u00e1brica de fabricaci\u00f3n y desarrollo de dise\u00f1o, nuestros productos principales son badenes, amortiguadores de velocidad, topes de ruedas, protectores de cables, barreras, bolardos, etc. Principalmente son productos de caucho y acero. Tenemos [\u2026]<\/p>","protected":false},"author":1,"featured_media":0,"parent":0,"menu_order":0,"comment_status":"closed","ping_status":"closed","template":"page\/about.php","meta":{"footnotes":""},"class_list":["post-106","page","type-page","status-publish","hentry"],"yoast_head":"<!-- This site is optimized with the Yoast SEO plugin v19.13 - https:\/\/yoast.com\/wordpress\/plugins\/seo\/ -->\n<title>ABOUT US - CS Trafficsafety<\/title>\n<meta name=\"robots\" content=\"index, follow, max-snippet:-1, max-image-preview:large, max-video-preview:-1\" \/>\n<link rel=\"canonical\" href=\"https:\/\/cs-trafficsafety.com\/es\/sobre-nosotros\/\" \/>\n<meta property=\"og:locale\" content=\"es_ES\" \/>\n<meta property=\"og:type\" content=\"article\" \/>\n<meta property=\"og:title\" content=\"ABOUT US - CS Trafficsafety\" \/>\n<meta property=\"og:description\" content=\"Our factory are located in Qingdao city and started in 2014 years, and we are making for customize product of the traffic safety product. We are a manufacture and design developing factory, our main products are speed bump, speed cushion, wheel stop, cable protector, barrier, bollard etc. Mainly are rubber and steel products. We have [&hellip;]\" \/>\n<meta property=\"og:url\" content=\"https:\/\/cs-trafficsafety.com\/es\/sobre-nosotros\/\" \/>\n<meta property=\"og:site_name\" content=\"CS Trafficsafety\" \/>\n<meta property=\"article:modified_time\" content=\"2023-06-02T09:11:56+00:00\" \/>\n<meta name=\"twitter:card\" content=\"summary_large_image\" \/>\n<script type=\"application\/ld+json\" class=\"yoast-schema-graph\">{\"@context\":\"https:\/\/schema.org\",\"@graph\":[{\"@type\":\"WebPage\",\"@id\":\"https:\/\/cs-trafficsafety.com\/about-us\/\",\"url\":\"https:\/\/cs-trafficsafety.com\/about-us\/\",\"name\":\"ABOUT US - CS Trafficsafety\",\"isPartOf\":{\"@id\":\"https:\/\/cs-trafficsafety.com\/#website\"},\"datePublished\":\"2023-06-02T09:08:45+00:00\",\"dateModified\":\"2023-06-02T09:11:56+00:00\",\"breadcrumb\":{\"@id\":\"https:\/\/cs-trafficsafety.com\/about-us\/#breadcrumb\"},\"inLanguage\":\"es\",\"potentialAction\":[{\"@type\":\"ReadAction\",\"target\":[\"https:\/\/cs-trafficsafety.com\/about-us\/\"]}]},{\"@type\":\"BreadcrumbList\",\"@id\":\"https:\/\/cs-trafficsafety.com\/about-us\/#breadcrumb\",\"itemListElement\":[{\"@type\":\"ListItem\",\"position\":1,\"name\":\"Home\",\"item\":\"https:\/\/cs-trafficsafety.com\/\"},{\"@type\":\"ListItem\",\"position\":2,\"name\":\"ABOUT US\"}]},{\"@type\":\"WebSite\",\"@id\":\"https:\/\/cs-trafficsafety.com\/#website\",\"url\":\"https:\/\/cs-trafficsafety.com\/\",\"name\":\"CS Trafficsafety\",\"description\":\"Safe Roads Ahead with High-Quality Traffic Safety Solutions | Your Reliable Manufacturer and Supplier\",\"potentialAction\":[{\"@type\":\"SearchAction\",\"target\":{\"@type\":\"EntryPoint\",\"urlTemplate\":\"https:\/\/cs-trafficsafety.com\/?s={search_term_string}\"},\"query-input\":\"required name=search_term_string\"}],\"inLanguage\":\"es\"}]}<\/script>\n<!-- \/ Yoast SEO plugin. -->","yoast_head_json":{"title":"ABOUT US - CS Trafficsafety","robots":{"index":"index","follow":"follow","max-snippet":"max-snippet:-1","max-image-preview":"max-image-preview:large","max-video-preview":"max-video-preview:-1"},"canonical":"https:\/\/cs-trafficsafety.com\/es\/sobre-nosotros\/","og_locale":"es_ES","og_type":"article","og_title":"ABOUT US - CS Trafficsafety","og_description":"Our factory are located in Qingdao city and started in 2014 years, and we are making for customize product of the traffic safety product. We are a manufacture and design developing factory, our main products are speed bump, speed cushion, wheel stop, cable protector, barrier, bollard etc. Mainly are rubber and steel products. We have [&hellip;]","og_url":"https:\/\/cs-trafficsafety.com\/es\/sobre-nosotros\/","og_site_name":"CS Trafficsafety","article_modified_time":"2023-06-02T09:11:56+00:00","twitter_card":"summary_large_image","schema":{"@context":"https:\/\/schema.org","@graph":[{"@type":"WebPage","@id":"https:\/\/cs-trafficsafety.com\/about-us\/","url":"https:\/\/cs-trafficsafety.com\/about-us\/","name":"ABOUT US - CS Trafficsafety","isPartOf":{"@id":"https:\/\/cs-trafficsafety.com\/#website"},"datePublished":"2023-06-02T09:08:45+00:00","dateModified":"2023-06-02T09:11:56+00:00","breadcrumb":{"@id":"https:\/\/cs-trafficsafety.com\/about-us\/#breadcrumb"},"inLanguage":"es","potentialAction":[{"@type":"ReadAction","target":["https:\/\/cs-trafficsafety.com\/about-us\/"]}]},{"@type":"BreadcrumbList","@id":"https:\/\/cs-trafficsafety.com\/about-us\/#breadcrumb","itemListElement":[{"@type":"ListItem","position":1,"name":"Home","item":"https:\/\/cs-trafficsafety.com\/"},{"@type":"ListItem","position":2,"name":"ABOUT US"}]},{"@type":"WebSite","@id":"https:\/\/cs-trafficsafety.com\/#website","url":"https:\/\/cs-trafficsafety.com\/","name":"CS Trafficsafety","description":"Safe Roads Ahead with High-Quality Traffic Safety Solutions | Your Reliable Manufacturer and Supplier","potentialAction":[{"@type":"SearchAction","target":{"@type":"EntryPoint","urlTemplate":"https:\/\/cs-trafficsafety.com\/?s={search_term_string}"},"query-input":"required name=search_term_string"}],"inLanguage":"es"}]}},"_links":{"self":[{"href":"https:\/\/cs-trafficsafety.com\/es\/wp-json\/wp\/v2\/pages\/106","targetHints":{"allow":["GET"]}}],"collection":[{"href":"https:\/\/cs-trafficsafety.com\/es\/wp-json\/wp\/v2\/pages"}],"about":[{"href":"https:\/\/cs-trafficsafety.com\/es\/wp-json\/wp\/v2\/types\/page"}],"author":[{"embeddable":true,"href":"https:\/\/cs-trafficsafety.com\/es\/wp-json\/wp\/v2\/users\/1"}],"replies":[{"embeddable":true,"href":"https:\/\/cs-trafficsafety.com\/es\/wp-json\/wp\/v2\/comments?post=106"}],"version-history":[{"count":3,"href":"https:\/\/cs-trafficsafety.com\/es\/wp-json\/wp\/v2\/pages\/106\/revisions"}],"predecessor-version":[{"id":112,"href":"https:\/\/cs-trafficsafety.com\/es\/wp-json\/wp\/v2\/pages\/106\/revisions\/112"}],"wp:attachment":[{"href":"https:\/\/cs-trafficsafety.com\/es\/wp-json\/wp\/v2\/media?parent=106"}],"curies":[{"name":"wp","href":"https:\/\/api.w.org\/{rel}","templated":true}]}}